{"id":10,"date":"2020-01-09T07:10:17","date_gmt":"2020-01-09T07:10:17","guid":{"rendered":"https:\/\/demosoledad.pencidesign.net\/soledad-taxi-company-multipurpose\/?page_id=8"},"modified":"2026-05-05T13:46:50","modified_gmt":"2026-05-05T10:46:50","slug":"servicii","status":"publish","type":"page","link":"https:\/\/sofertreaz.com\/ru\/servicii\/","title":{"rendered":"\u0423\u0441\u043b\u0443\u0433\u0438"},"content":{"rendered":"\t\t<div data-elementor-type=\"wp-page\" data-elementor-id=\"10\" class=\"elementor elementor-10\">\n\t\t\t\t<div class=\"elementor-element elementor-element-5b8f8a9 e-flex e-con-boxed e-con e-parent\" data-id=\"5b8f8a9\" data-element_type=\"container\" data-e-type=\"container\" data-settings=\"{&quot;background_background&quot;:&quot;video&quot;,&quot;background_video_link&quot;:&quot;https:\\\/\\\/www.youtube.com\\\/watch?v=zGBPy-Zgxqs&quot;,&quot;background_play_on_mobile&quot;:&quot;yes&quot;}\">\n\t\t\t\t\t<div class=\"e-con-inner\">\n\t\t<div class=\"elementor-background-video-container\">\n\t\t\t\t\t\t\t<div class=\"elementor-background-video-embed\" role=\"presentation\"><\/div>\n\t\t\t\t\t\t<\/div><div class=\"elementor-element elementor-element-a4b5f52 e-con-full e-flex e-con e-child\" data-id=\"a4b5f52\" data-element_type=\"container\" data-e-type=\"container\">\n\t\t\t\t<div class=\"elementor-element elementor-element-887af67 elementor-widget elementor-widget-penci-fancy_heading\" data-id=\"887af67\" data-element_type=\"widget\" data-e-type=\"widget\" data-widget_type=\"penci-fancy_heading.default\">\n\t\t\t\t<div class=\"elementor-widget-container\">\n\t\t\t\t\t\t\t<div class=\"penci-fancy-heading penci-heading-text-left\">\n\t\t\t<div class=\"penci-fancy-heading-inner\">\n\t\t\t\t<h2 class=\"penci-heading-title\"><span class=\"inner-tit\">Servicii \u0218ofer Treaz \u2013 Chi\u0219in\u0103u & Moldova (24\/7)<\/span><\/h2><div class=\"penci-heading-content entry-content\"><p>Oferim servicii de \u0219ofer treaz pentru momentele \u00een care condusul nu mai este o op\u021biune sigur\u0103. Te ajut\u0103m s\u0103 ajungi rapid la destina\u021bie, cu ma\u0219ina ta, f\u0103r\u0103 stres.<\/p>\n<\/div>\t\t\t<\/div>\n\t\t<\/div>\n\t\t\t\t\t\t<\/div>\n\t\t\t\t<\/div>\n\t\t\t\t<\/div>\n\t\t\t\t\t<\/div>\n\t\t\t\t<\/div>\n\t\t<div class=\"elementor-element elementor-element-f01d8de e-flex e-con-boxed e-con e-parent\" data-id=\"f01d8de\" data-element_type=\"container\" data-e-type=\"container\">\n\t\t\t\t\t<div class=\"e-con-inner\">\n\t\t<div class=\"elementor-element elementor-element-4aefb3b e-con-full e-flex e-con e-child\" data-id=\"4aefb3b\" data-element_type=\"container\" data-e-type=\"container\">\n\t\t\t\t<div class=\"elementor-element elementor-element-1aec218 elementor-widget elementor-widget-image\" data-id=\"1aec218\" data-element_type=\"widget\" data-e-type=\"widget\" data-widget_type=\"image.default\">\n\t\t\t\t\t\t\t\t\t\t\t\t\t\t\t<img fetchpriority=\"high\" decoding=\"async\" width=\"1600\" height=\"1404\" src=\"https:\/\/sofertreaz.com\/wp-content\/uploads\/2026\/05\/WhatsApp-Image-2026-05-05-at-13.40.06.jpeg\" class=\"attachment-full size-full wp-image-386\" alt=\"\" srcset=\"https:\/\/sofertreaz.com\/wp-content\/uploads\/2026\/05\/WhatsApp-Image-2026-05-05-at-13.40.06.jpeg 1600w, https:\/\/sofertreaz.com\/wp-content\/uploads\/2026\/05\/WhatsApp-Image-2026-05-05-at-13.40.06-300x263.jpeg 300w, https:\/\/sofertreaz.com\/wp-content\/uploads\/2026\/05\/WhatsApp-Image-2026-05-05-at-13.40.06-1024x899.jpeg 1024w, https:\/\/sofertreaz.com\/wp-content\/uploads\/2026\/05\/WhatsApp-Image-2026-05-05-at-13.40.06-768x674.jpeg 768w, https:\/\/sofertreaz.com\/wp-content\/uploads\/2026\/05\/WhatsApp-Image-2026-05-05-at-13.40.06-1536x1348.jpeg 1536w, https:\/\/sofertreaz.com\/wp-content\/uploads\/2026\/05\/WhatsApp-Image-2026-05-05-at-13.40.06-14x12.jpeg 14w, https:\/\/sofertreaz.com\/wp-content\/uploads\/2026\/05\/WhatsApp-Image-2026-05-05-at-13.40.06-1170x1027.jpeg 1170w, https:\/\/sofertreaz.com\/wp-content\/uploads\/2026\/05\/WhatsApp-Image-2026-05-05-at-13.40.06-585x513.jpeg 585w\" sizes=\"(max-width: 1600px) 100vw, 1600px\" \/>\t\t\t\t\t\t\t\t\t\t\t\t\t\t\t<\/div>\n\t\t\t\t<\/div>\n\t\t<div class=\"elementor-element elementor-element-55a8eae e-con-full e-flex e-con e-child\" data-id=\"55a8eae\" data-element_type=\"container\" data-e-type=\"container\">\n\t\t\t\t<div class=\"elementor-element elementor-element-3f03d80 elementor-widget elementor-widget-penci-fancy_heading\" data-id=\"3f03d80\" data-element_type=\"widget\" data-e-type=\"widget\" data-widget_type=\"penci-fancy_heading.default\">\n\t\t\t\t<div class=\"elementor-widget-container\">\n\t\t\t\t\t\t\t<div class=\"penci-fancy-heading penci-heading-text-left\">\n\t\t\t<div class=\"penci-fancy-heading-inner\">\n\t\t\t\t<h2 class=\"penci-heading-title\"><span class=\"inner-tit\">\u0218ofer Treaz<\/span><\/h2><div class=\"penci-heading-content entry-content\"><p>Ce include:<\/p>\n<p>- preluare din loca\u021bia ta (Chi\u0219in\u0103u \/ Moldova)<br \/>\n- \u0219ofer care conduce ma\u0219ina ta p\u00e2n\u0103 la destina\u021bie<br \/>\n- disponibilitate 24\/7<br \/>\n- comunicare clar\u0103, confirmare \u00eenainte de plecare<\/p>\n<\/div>\t\t\t<\/div>\n\t\t<\/div>\n\t\t\t\t\t\t<\/div>\n\t\t\t\t<\/div>\n\t\t\t\t<div class=\"elementor-element elementor-element-8e5d3da elementor-mobile-align-center elementor-widget elementor-widget-button\" data-id=\"8e5d3da\" data-element_type=\"widget\" data-e-type=\"widget\" data-widget_type=\"button.default\">\n\t\t\t\t\t\t\t\t\t\t<a class=\"elementor-button elementor-button-link elementor-size-lg\" href=\"tel:+37306123800\">\n\t\t\t\t\t\t<span class=\"elementor-button-content-wrapper\">\n\t\t\t\t\t\t\t\t\t<span class=\"elementor-button-text\">Sun\u0103 Acum<\/span>\n\t\t\t\t\t<\/span>\n\t\t\t\t\t<\/a>\n\t\t\t\t\t\t\t\t<\/div>\n\t\t\t\t<\/div>\n\t\t\t\t\t<\/div>\n\t\t\t\t<\/div>\n\t\t<div class=\"elementor-element elementor-element-c0ee2aa e-flex e-con-boxed e-con e-parent\" data-id=\"c0ee2aa\" data-element_type=\"container\" data-e-type=\"container\">\n\t\t\t\t\t<div class=\"e-con-inner\">\n\t\t<div class=\"elementor-element elementor-element-eb86653 e-con-full e-flex e-con e-child\" data-id=\"eb86653\" data-element_type=\"container\" data-e-type=\"container\">\n\t\t\t\t<div class=\"elementor-element elementor-element-770a759 elementor-widget elementor-widget-penci-fancy_heading\" data-id=\"770a759\" data-element_type=\"widget\" data-e-type=\"widget\" data-widget_type=\"penci-fancy_heading.default\">\n\t\t\t\t<div class=\"elementor-widget-container\">\n\t\t\t\t\t\t\t<div class=\"penci-fancy-heading penci-heading-text-left\">\n\t\t\t<div class=\"penci-fancy-heading-inner\">\n\t\t\t\t<h2 class=\"penci-heading-title\"><span class=\"inner-tit\">Transfer dup\u0103 evenimente (la cerere)<\/span><\/h2><div class=\"penci-heading-content entry-content\"><p>Potrivit pentru nun\u021bi, petreceri private, evenimente corporate, ie\u0219iri \u00een ora\u0219.<\/p>\n<\/div>\t\t\t<\/div>\n\t\t<\/div>\n\t\t\t\t\t\t<\/div>\n\t\t\t\t<\/div>\n\t\t\t\t<div class=\"elementor-element elementor-element-20537ed elementor-mobile-align-center elementor-widget elementor-widget-button\" data-id=\"20537ed\" data-element_type=\"widget\" data-e-type=\"widget\" data-widget_type=\"button.default\">\n\t\t\t\t\t\t\t\t\t\t<a class=\"elementor-button elementor-button-link elementor-size-lg\" href=\"tel:+37306123800\">\n\t\t\t\t\t\t<span class=\"elementor-button-content-wrapper\">\n\t\t\t\t\t\t\t\t\t<span class=\"elementor-button-text\">Sun\u0103 Acum<\/span>\n\t\t\t\t\t<\/span>\n\t\t\t\t\t<\/a>\n\t\t\t\t\t\t\t\t<\/div>\n\t\t\t\t<\/div>\n\t\t<div class=\"elementor-element elementor-element-b85c336 e-con-full e-flex e-con e-child\" data-id=\"b85c336\" data-element_type=\"container\" data-e-type=\"container\">\n\t\t\t\t<div class=\"elementor-element elementor-element-566b538 elementor-widget elementor-widget-image\" data-id=\"566b538\" data-element_type=\"widget\" data-e-type=\"widget\" data-widget_type=\"image.default\">\n\t\t\t\t\t\t\t\t\t\t\t\t\t\t\t<img decoding=\"async\" width=\"1024\" height=\"768\" src=\"https:\/\/sofertreaz.com\/wp-content\/uploads\/2026\/05\/WhatsApp-Image-2026-05-05-at-13.40.04-1024x768.jpeg\" class=\"attachment-large size-large wp-image-387\" alt=\"\" srcset=\"https:\/\/sofertreaz.com\/wp-content\/uploads\/2026\/05\/WhatsApp-Image-2026-05-05-at-13.40.04-1024x768.jpeg 1024w, https:\/\/sofertreaz.com\/wp-content\/uploads\/2026\/05\/WhatsApp-Image-2026-05-05-at-13.40.04-300x225.jpeg 300w, https:\/\/sofertreaz.com\/wp-content\/uploads\/2026\/05\/WhatsApp-Image-2026-05-05-at-13.40.04-768x576.jpeg 768w, https:\/\/sofertreaz.com\/wp-content\/uploads\/2026\/05\/WhatsApp-Image-2026-05-05-at-13.40.04-1536x1152.jpeg 1536w, https:\/\/sofertreaz.com\/wp-content\/uploads\/2026\/05\/WhatsApp-Image-2026-05-05-at-13.40.04-16x12.jpeg 16w, https:\/\/sofertreaz.com\/wp-content\/uploads\/2026\/05\/WhatsApp-Image-2026-05-05-at-13.40.04-1170x878.jpeg 1170w, https:\/\/sofertreaz.com\/wp-content\/uploads\/2026\/05\/WhatsApp-Image-2026-05-05-at-13.40.04-585x439.jpeg 585w, https:\/\/sofertreaz.com\/wp-content\/uploads\/2026\/05\/WhatsApp-Image-2026-05-05-at-13.40.04.jpeg 1600w\" sizes=\"(max-width: 1024px) 100vw, 1024px\" \/>\t\t\t\t\t\t\t\t\t\t\t\t\t\t\t<\/div>\n\t\t\t\t<\/div>\n\t\t\t\t\t<\/div>\n\t\t\t\t<\/div>\n\t\t<div class=\"elementor-element elementor-element-ea3e299 e-flex e-con-boxed e-con e-parent\" data-id=\"ea3e299\" data-element_type=\"container\" data-e-type=\"container\" data-settings=\"{&quot;background_background&quot;:&quot;classic&quot;}\">\n\t\t\t\t\t<div class=\"e-con-inner\">\n\t\t<div class=\"elementor-element elementor-element-a01a696 e-con-full e-flex e-con e-child\" data-id=\"a01a696\" data-element_type=\"container\" data-e-type=\"container\">\n\t\t\t\t<div class=\"elementor-element elementor-element-4d2b295 elementor-widget elementor-widget-penci-fancy_heading\" data-id=\"4d2b295\" data-element_type=\"widget\" data-e-type=\"widget\" data-widget_type=\"penci-fancy_heading.default\">\n\t\t\t\t<div class=\"elementor-widget-container\">\n\t\t\t\t\t\t\t<div class=\"penci-fancy-heading penci-heading-text-center\">\n\t\t\t<div class=\"penci-fancy-heading-inner\">\n\t\t\t\t<h2 class=\"penci-heading-title\"><span class=\"inner-tit\">Tarife<\/span><\/h2><div class=\"penci-heading-content entry-content\"><p>Tariful se comunic\u0103 \u00eenainte de plecare \u0219i se calculeaz\u0103 \u00een func\u021bie de timp \u0219i\/sau distan\u021b\u0103.<br \/>\nPentru o estimare rapid\u0103<\/p>\n<\/div>\t\t\t<\/div>\n\t\t<\/div>\n\t\t\t\t\t\t<\/div>\n\t\t\t\t<\/div>\n\t\t\t\t<div class=\"elementor-element elementor-element-b21a920 elementor-align-center elementor-widget elementor-widget-button\" data-id=\"b21a920\" data-element_type=\"widget\" data-e-type=\"widget\" data-widget_type=\"button.default\">\n\t\t\t\t\t\t\t\t\t\t<a class=\"elementor-button elementor-button-link elementor-size-lg\" href=\"tel:+37306123800\">\n\t\t\t\t\t\t<span class=\"elementor-button-content-wrapper\">\n\t\t\t\t\t\t\t\t\t<span class=\"elementor-button-text\">Sun\u0103 Acum<\/span>\n\t\t\t\t\t<\/span>\n\t\t\t\t\t<\/a>\n\t\t\t\t\t\t\t\t<\/div>\n\t\t\t\t<\/div>\n\t\t\t\t\t<\/div>\n\t\t\t\t<\/div>\n\t\t<div class=\"elementor-element elementor-element-bdc2574 e-flex e-con-boxed e-con e-parent\" data-id=\"bdc2574\" data-element_type=\"container\" data-e-type=\"container\">\n\t\t\t\t\t<div class=\"e-con-inner\">\n\t\t<div class=\"elementor-element elementor-element-4d6e0a7 e-con-full e-flex e-con e-child\" data-id=\"4d6e0a7\" data-element_type=\"container\" data-e-type=\"container\">\n\t\t\t\t<div class=\"elementor-element elementor-element-43e748e elementor-widget elementor-widget-penci-fancy_heading\" data-id=\"43e748e\" data-element_type=\"widget\" data-e-type=\"widget\" data-widget_type=\"penci-fancy_heading.default\">\n\t\t\t\t<div class=\"elementor-widget-container\">\n\t\t\t\t\t\t\t<div class=\"penci-fancy-heading penci-heading-text-center\">\n\t\t\t<div class=\"penci-fancy-heading-inner\">\n\t\t\t\t<h2 class=\"penci-heading-title\"><span class=\"inner-tit\">Transfer dup\u0103 evenimente (la cerere)<\/span><\/h2>\t\t\t<\/div>\n\t\t<\/div>\n\t\t\t\t\t\t<\/div>\n\t\t\t\t<\/div>\n\t\t\t\t<div class=\"elementor-element elementor-element-3b91cc5 elementor-widget elementor-widget-n-accordion\" data-id=\"3b91cc5\" data-element_type=\"widget\" data-e-type=\"widget\" data-settings=\"{&quot;default_state&quot;:&quot;expanded&quot;,&quot;max_items_expended&quot;:&quot;one&quot;,&quot;n_accordion_animation_duration&quot;:{&quot;unit&quot;:&quot;ms&quot;,&quot;size&quot;:400,&quot;sizes&quot;:[]}}\" data-widget_type=\"nested-accordion.default\">\n\t\t\t\t\t\t\t<div class=\"e-n-accordion\" aria-label=\"Accordion. Open links with Enter or Space, close with Escape, and navigate with Arrow Keys\">\n\t\t\t\t\t\t<details id=\"e-n-accordion-item-6240\" class=\"e-n-accordion-item\" open>\n\t\t\t\t<summary class=\"e-n-accordion-item-title\" data-accordion-index=\"1\" tabindex=\"0\" aria-expanded=\"true\" aria-controls=\"e-n-accordion-item-6240\" >\n\t\t\t\t\t<span class='e-n-accordion-item-title-header'><div class=\"e-n-accordion-item-title-text\"> Conduce\u021bi ma\u0219ina mea? <\/div><\/span>\n\t\t\t\t\t\t\t<span class='e-n-accordion-item-title-icon'>\n\t\t\t<span class='e-opened' ><i aria-hidden=\"true\" class=\"fas fa-minus\"><\/i><\/span>\n\t\t\t<span class='e-closed'><i aria-hidden=\"true\" class=\"fas fa-plus\"><\/i><\/span>\n\t\t<\/span>\n\n\t\t\t\t\t\t<\/summary>\n\t\t\t\t<div role=\"region\" aria-labelledby=\"e-n-accordion-item-6240\" class=\"elementor-element elementor-element-fcf8771 e-con-full e-flex e-con e-child\" data-id=\"fcf8771\" data-element_type=\"container\" data-e-type=\"container\">\n\t\t<div role=\"region\" aria-labelledby=\"e-n-accordion-item-6240\" class=\"elementor-element elementor-element-5a6902a e-flex e-con-boxed e-con e-child\" data-id=\"5a6902a\" data-element_type=\"container\" data-e-type=\"container\">\n\t\t\t\t\t<div class=\"e-con-inner\">\n\t\t\t\t<div class=\"elementor-element elementor-element-dfda473 elementor-widget elementor-widget-text-editor\" data-id=\"dfda473\" data-element_type=\"widget\" data-e-type=\"widget\" data-widget_type=\"text-editor.default\">\n\t\t\t\t\t\t\t\t\t<p>Da, acesta este scopul serviciului: s\u0103 ajungi acas\u0103 cu ma\u0219ina ta. Astfel, nu trebuie s\u0103 conduci dup\u0103 ce ai consumat alcool sau c\u00e2nd e\u0219ti obosit.<\/p>\t\t\t\t\t\t\t\t<\/div>\n\t\t\t\t\t<\/div>\n\t\t\t\t<\/div>\n\t\t\t\t<\/div>\n\t\t\t\t\t<\/details>\n\t\t\t\t\t\t<details id=\"e-n-accordion-item-6241\" class=\"e-n-accordion-item\" >\n\t\t\t\t<summary class=\"e-n-accordion-item-title\" data-accordion-index=\"2\" tabindex=\"-1\" aria-expanded=\"false\" aria-controls=\"e-n-accordion-item-6241\" >\n\t\t\t\t\t<span class='e-n-accordion-item-title-header'><div class=\"e-n-accordion-item-title-text\"> Lucra\u021bi noaptea? <\/div><\/span>\n\t\t\t\t\t\t\t<span class='e-n-accordion-item-title-icon'>\n\t\t\t<span class='e-opened' ><i aria-hidden=\"true\" class=\"fas fa-minus\"><\/i><\/span>\n\t\t\t<span class='e-closed'><i aria-hidden=\"true\" class=\"fas fa-plus\"><\/i><\/span>\n\t\t<\/span>\n\n\t\t\t\t\t\t<\/summary>\n\t\t\t\t<div role=\"region\" aria-labelledby=\"e-n-accordion-item-6241\" class=\"elementor-element elementor-element-a832103 e-con-full e-flex e-con e-child\" data-id=\"a832103\" data-element_type=\"container\" data-e-type=\"container\">\n\t\t\t\t<div class=\"elementor-element elementor-element-6c8b989 elementor-widget elementor-widget-text-editor\" data-id=\"6c8b989\" data-element_type=\"widget\" data-e-type=\"widget\" data-widget_type=\"text-editor.default\">\n\t\t\t\t\t\t\t\t\t<p>Da, suntem disponibili 24\/7. Suntem disponibili \u00een 10-15 minute dup\u0103 ce ne-ai sunat!<\/p>\t\t\t\t\t\t\t\t<\/div>\n\t\t\t\t<\/div>\n\t\t\t\t\t<\/details>\n\t\t\t\t\t\t<details id=\"e-n-accordion-item-6242\" class=\"e-n-accordion-item\" >\n\t\t\t\t<summary class=\"e-n-accordion-item-title\" data-accordion-index=\"3\" tabindex=\"-1\" aria-expanded=\"false\" aria-controls=\"e-n-accordion-item-6242\" >\n\t\t\t\t\t<span class='e-n-accordion-item-title-header'><div class=\"e-n-accordion-item-title-text\"> C\u00e2t de repede ajunge\u021bi? <\/div><\/span>\n\t\t\t\t\t\t\t<span class='e-n-accordion-item-title-icon'>\n\t\t\t<span class='e-opened' ><i aria-hidden=\"true\" class=\"fas fa-minus\"><\/i><\/span>\n\t\t\t<span class='e-closed'><i aria-hidden=\"true\" class=\"fas fa-plus\"><\/i><\/span>\n\t\t<\/span>\n\n\t\t\t\t\t\t<\/summary>\n\t\t\t\t<div role=\"region\" aria-labelledby=\"e-n-accordion-item-6242\" class=\"elementor-element elementor-element-c483e0c e-con-full e-flex e-con e-child\" data-id=\"c483e0c\" data-element_type=\"container\" data-e-type=\"container\">\n\t\t\t\t<div class=\"elementor-element elementor-element-5141af5 elementor-widget elementor-widget-text-editor\" data-id=\"5141af5\" data-element_type=\"widget\" data-e-type=\"widget\" data-widget_type=\"text-editor.default\">\n\t\t\t\t\t\t\t\t\t<p>Depinde de loca\u021bie \u0219i disponibilitate. \u00cen general, nu dureaz\u0103 mai mult de 15-20 minute s\u0103 ajungem la tine. \u00ce\u021bi spunem timpul estimat la telefon.<\/p>\t\t\t\t\t\t\t\t<\/div>\n\t\t\t\t<\/div>\n\t\t\t\t\t<\/details>\n\t\t\t\t\t\t<details id=\"e-n-accordion-item-6243\" class=\"e-n-accordion-item\" >\n\t\t\t\t<summary class=\"e-n-accordion-item-title\" data-accordion-index=\"4\" tabindex=\"-1\" aria-expanded=\"false\" aria-controls=\"e-n-accordion-item-6243\" >\n\t\t\t\t\t<span class='e-n-accordion-item-title-header'><div class=\"e-n-accordion-item-title-text\"> Pot comanda \u00een avans? <\/div><\/span>\n\t\t\t\t\t\t\t<span class='e-n-accordion-item-title-icon'>\n\t\t\t<span class='e-opened' ><i aria-hidden=\"true\" class=\"fas fa-minus\"><\/i><\/span>\n\t\t\t<span class='e-closed'><i aria-hidden=\"true\" class=\"fas fa-plus\"><\/i><\/span>\n\t\t<\/span>\n\n\t\t\t\t\t\t<\/summary>\n\t\t\t\t<div role=\"region\" aria-labelledby=\"e-n-accordion-item-6243\" class=\"elementor-element elementor-element-c2eca6c e-con-full e-flex e-con e-child\" data-id=\"c2eca6c\" data-element_type=\"container\" data-e-type=\"container\">\n\t\t\t\t<div class=\"elementor-element elementor-element-c138308 elementor-widget elementor-widget-text-editor\" data-id=\"c138308\" data-element_type=\"widget\" data-e-type=\"widget\" data-widget_type=\"text-editor.default\">\n\t\t\t\t\t\t\t\t\t<p>Da, po\u021bi face o rezervare (\u00een func\u021bie de program). \u0218oferii no\u0219tri se vor asigura c\u0103 ajung exact la momentul dorit.<\/p>\t\t\t\t\t\t\t\t<\/div>\n\t\t\t\t<\/div>\n\t\t\t\t\t<\/details>\n\t\t\t\t\t\t<details id=\"e-n-accordion-item-6244\" class=\"e-n-accordion-item\" >\n\t\t\t\t<summary class=\"e-n-accordion-item-title\" data-accordion-index=\"5\" tabindex=\"-1\" aria-expanded=\"false\" aria-controls=\"e-n-accordion-item-6244\" >\n\t\t\t\t\t<span class='e-n-accordion-item-title-header'><div class=\"e-n-accordion-item-title-text\"> Merge\u021bi \u00een afara Chi\u0219in\u0103ului? <\/div><\/span>\n\t\t\t\t\t\t\t<span class='e-n-accordion-item-title-icon'>\n\t\t\t<span class='e-opened' ><i aria-hidden=\"true\" class=\"fas fa-minus\"><\/i><\/span>\n\t\t\t<span class='e-closed'><i aria-hidden=\"true\" class=\"fas fa-plus\"><\/i><\/span>\n\t\t<\/span>\n\n\t\t\t\t\t\t<\/summary>\n\t\t\t\t<div role=\"region\" aria-labelledby=\"e-n-accordion-item-6244\" class=\"elementor-element elementor-element-f909135 e-con-full e-flex e-con e-child\" data-id=\"f909135\" data-element_type=\"container\" data-e-type=\"container\">\n\t\t\t\t<div class=\"elementor-element elementor-element-5473f77 elementor-widget elementor-widget-text-editor\" data-id=\"5473f77\" data-element_type=\"widget\" data-e-type=\"widget\" data-widget_type=\"text-editor.default\">\n\t\t\t\t\t\t\t\t\t<p>Da, acoperim \u0219i alte localit\u0103\u021bi din Moldova. Ne pute\u021bi contacta pentru mai multe detalii.<\/p>\t\t\t\t\t\t\t\t<\/div>\n\t\t\t\t<\/div>\n\t\t\t\t\t<\/details>\n\t\t\t\t\t<\/div>\n\t\t\t\t\t<script type=\"application\/ld+json\">{\"@context\":\"https:\\\/\\\/schema.org\",\"@type\":\"FAQPage\",\"mainEntity\":[{\"@type\":\"Question\",\"name\":\"Conduce\\u021bi ma\\u0219ina mea?\",\"acceptedAnswer\":{\"@type\":\"Answer\",\"text\":\"Da, acesta este scopul serviciului: s\\u0103 ajungi acas\\u0103 cu ma\\u0219ina ta. Astfel, nu trebuie s\\u0103 conduci dup\\u0103 ce ai consumat alcool sau c\\u00e2nd e\\u0219ti obosit.\"}},{\"@type\":\"Question\",\"name\":\"Lucra\\u021bi noaptea?\",\"acceptedAnswer\":{\"@type\":\"Answer\",\"text\":\"Da, suntem disponibili 24\\\/7. Suntem disponibili \\u00een 10-15 minute dup\\u0103 ce ne-ai sunat!\"}},{\"@type\":\"Question\",\"name\":\"C\\u00e2t de repede ajunge\\u021bi?\",\"acceptedAnswer\":{\"@type\":\"Answer\",\"text\":\"Depinde de loca\\u021bie \\u0219i disponibilitate. \\u00cen general, nu dureaz\\u0103 mai mult de 15-20 minute s\\u0103 ajungem la tine. \\u00ce\\u021bi spunem timpul estimat la telefon.\"}},{\"@type\":\"Question\",\"name\":\"Pot comanda \\u00een avans?\",\"acceptedAnswer\":{\"@type\":\"Answer\",\"text\":\"Da, po\\u021bi face o rezervare (\\u00een func\\u021bie de program). \\u0218oferii no\\u0219tri se vor asigura c\\u0103 ajung exact la momentul dorit.\"}},{\"@type\":\"Question\",\"name\":\"Merge\\u021bi \\u00een afara Chi\\u0219in\\u0103ului?\",\"acceptedAnswer\":{\"@type\":\"Answer\",\"text\":\"Da, acoperim \\u0219i alte localit\\u0103\\u021bi din Moldova. Ne pute\\u021bi contacta pentru mai multe detalii.\"}}]}<\/script>\n\t\t\t\t\t\t\t<\/div>\n\t\t\t\t<\/div>\n\t\t\t\t\t<\/div>\n\t\t\t\t<\/div>\n\t\t\t\t<\/div>\n\t\t","protected":false},"excerpt":{"rendered":"<p>Servicii \u0218ofer Treaz \u2013 Chi\u0219in\u0103u &#038; Moldova (24\/7) Oferim servicii de \u0219ofer treaz pentru momentele \u00een care condusul nu mai este o op\u021biune sigur\u0103. Te ajut\u0103m s\u0103 ajungi rapid la&hellip;<\/p>","protected":false},"author":1,"featured_media":0,"parent":0,"menu_order":0,"comment_status":"closed","ping_status":"closed","template":"page-fullwidth.php","meta":{"_lmt_disableupdate":"","_lmt_disable":"","footnotes":""},"class_list":["post-10","page","type-page","status-publish","hentry"],"_links":{"self":[{"href":"https:\/\/sofertreaz.com\/ru\/wp-json\/wp\/v2\/pages\/10","targetHints":{"allow":["GET"]}}],"collection":[{"href":"https:\/\/sofertreaz.com\/ru\/wp-json\/wp\/v2\/pages"}],"about":[{"href":"https:\/\/sofertreaz.com\/ru\/wp-json\/wp\/v2\/types\/page"}],"author":[{"embeddable":true,"href":"https:\/\/sofertreaz.com\/ru\/wp-json\/wp\/v2\/users\/1"}],"replies":[{"embeddable":true,"href":"https:\/\/sofertreaz.com\/ru\/wp-json\/wp\/v2\/comments?post=10"}],"version-history":[{"count":22,"href":"https:\/\/sofertreaz.com\/ru\/wp-json\/wp\/v2\/pages\/10\/revisions"}],"predecessor-version":[{"id":390,"href":"https:\/\/sofertreaz.com\/ru\/wp-json\/wp\/v2\/pages\/10\/revisions\/390"}],"wp:attachment":[{"href":"https:\/\/sofertreaz.com\/ru\/wp-json\/wp\/v2\/media?parent=10"}],"curies":[{"name":"wp","href":"https:\/\/api.w.org\/{rel}","templated":true}]}}